{"id":926,"date":"2021-09-03T23:21:23","date_gmt":"2021-09-03T21:21:23","guid":{"rendered":"https:\/\/francois-bousch.net\/compositeur\/?page_id=926"},"modified":"2021-09-03T23:21:25","modified_gmt":"2021-09-03T21:21:25","slug":"home","status":"publish","type":"page","link":"https:\/\/francois-bousch.net\/compositeur\/en\/home\/","title":{"rendered":"Home"},"content":{"rendered":"\n<p>If <strong>Fran\u00e7ois BOUSCH&nbsp;<\/strong>(1946) studied at the CNSMP (several prizes) with J.-P. <strong>GU\u00c9ZEC<\/strong>, C. <strong>BALLIF<\/strong>, B. <strong>JOLAS<\/strong> and O. <strong>MESSIAEN<\/strong>, he also had much contact with G. <strong>SCELSI<\/strong>, K. <strong>STOCKHAUSEN<\/strong>, and L. <strong>BERIO<\/strong> and learned Conducting under Charles <strong>BR\u00dcCK<\/strong>.<\/p>\n\n\n\n<p><strong>Winner<\/strong> Georges <strong>ENESCO<\/strong> and Roger <strong>DUCASSE<\/strong> Prizes, he was awarded <em><strong>Pensionnaire of the Villa Medicis in Rome<\/strong><\/em> (1974 &#8211; 76) and <em><strong>Chevalier of Arts and Letters.<\/strong><\/em><\/p>\n\n\n\n<p><em><strong>Founder and Artistic director of Ensembles, high School and High Pedagogy Center,<\/strong><\/em> he is actively involved in the adventure of Ensemble <em><strong>L\u2019Itin\u00e9raire<\/strong><\/em>, with whom he made many creations and recordings (electric guitar and electronic keyboards).&nbsp;<\/p>\n\n\n\n<p><strong>His music<\/strong> suggests a dreamlike poetry made of shadows, glows, and fringe, fugitive and moving impressions, which are reflected in a large mirror &#8230; so multifaceted cosmos of sound!&nbsp;<\/p>\n","protected":false},"excerpt":{"rendered":"<p>If Fran\u00e7ois BOUSCH&nbsp;(1946) studied at the CNSMP (several prizes) with J.-P. GU\u00c9ZEC, C. BALLIF, B. JOLAS and O. MESSIAEN, he also had much contact with G. SCELSI, K. STOCKHAUSEN, and L. BERIO and learned Conducting under Charles BR\u00dcCK. Winner Georges ENESCO and Roger DUCASSE Prizes, he was awarded Pensionnaire of the Villa Medicis in Rome [&hellip;]<\/p>\n","protected":false},"author":1,"featured_media":0,"parent":0,"menu_order":0,"comment_status":"closed","ping_status":"closed","template":"","meta":{"site-sidebar-layout":"default","site-content-layout":"default","ast-site-content-layout":"default","site-content-style":"default","site-sidebar-style":"default","ast-global-header-display":"","ast-banner-title-visibility":"","ast-main-header-display":"","ast-hfb-above-header-display":"","ast-hfb-below-header-display":"","ast-hfb-mobile-header-display":"","site-post-title":"disabled","ast-breadcrumbs-content":"","ast-featured-img":"","footer-sml-layout":"","theme-transparent-header-meta":"default","adv-header-id-meta":"","stick-header-meta":"","header-above-stick-meta":"","header-main-stick-meta":"","header-below-stick-meta":"","astra-migrate-meta-layouts":"default","ast-page-background-enabled":"default","ast-page-background-meta":{"desktop":{"background-color":"var(--ast-global-color-4)","background-image":"","background-repeat":"repeat","background-position":"center center","background-size":"auto","background-attachment":"scroll","background-type":"","background-media":"","overlay-type":"","overlay-color":"","overlay-opacity":"","overlay-gradient":""},"tablet":{"background-color":"","background-image":"","background-repeat":"repeat","background-position":"center center","background-size":"auto","background-attachment":"scroll","background-type":"","background-media":"","overlay-type":"","overlay-color":"","overlay-opacity":"","overlay-gradient":""},"mobile":{"background-color":"","background-image":"","background-repeat":"repeat","background-position":"center center","background-size":"auto","background-attachment":"scroll","background-type":"","background-media":"","overlay-type":"","overlay-color":"","overlay-opacity":"","overlay-gradient":""}},"ast-content-background-meta":{"desktop":{"background-color":"var(--ast-global-color-5)","background-image":"","background-repeat":"repeat","background-position":"center center","background-size":"auto","background-attachment":"scroll","background-type":"","background-media":"","overlay-type":"","overlay-color":"","overlay-opacity":"","overlay-gradient":""},"tablet":{"background-color":"var(--ast-global-color-5)","background-image":"","background-repeat":"repeat","background-position":"center center","background-size":"auto","background-attachment":"scroll","background-type":"","background-media":"","overlay-type":"","overlay-color":"","overlay-opacity":"","overlay-gradient":""},"mobile":{"background-color":"var(--ast-global-color-5)","background-image":"","background-repeat":"repeat","background-position":"center center","background-size":"auto","background-attachment":"scroll","background-type":"","background-media":"","overlay-type":"","overlay-color":"","overlay-opacity":"","overlay-gradient":""}},"footnotes":""},"class_list":["post-926","page","type-page","status-publish","hentry"],"yoast_head":"<!-- This site is optimized with the Yoast SEO plugin v27.5 - https:\/\/yoast.com\/product\/yoast-seo-wordpress\/ -->\n<title>Home - Fran\u00e7ois BOUSCH<\/title>\n<meta name=\"robots\" content=\"index, follow, max-snippet:-1, max-image-preview:large, max-video-preview:-1\" \/>\n<link rel=\"canonical\" href=\"https:\/\/francois-bousch.net\/compositeur\/en\/home\/\" \/>\n<meta property=\"og:locale\" content=\"fr_FR\" \/>\n<meta property=\"og:type\" content=\"article\" \/>\n<meta property=\"og:title\" content=\"Home - Fran\u00e7ois BOUSCH\" \/>\n<meta property=\"og:description\" content=\"If Fran\u00e7ois BOUSCH&nbsp;(1946) studied at the CNSMP (several prizes) with J.-P. GU\u00c9ZEC, C. BALLIF, B. JOLAS and O. MESSIAEN, he also had much contact with G. SCELSI, K. STOCKHAUSEN, and L. BERIO and learned Conducting under Charles BR\u00dcCK. Winner Georges ENESCO and Roger DUCASSE Prizes, he was awarded Pensionnaire of the Villa Medicis in Rome [&hellip;]\" \/>\n<meta property=\"og:url\" content=\"https:\/\/francois-bousch.net\/compositeur\/en\/home\/\" \/>\n<meta property=\"og:site_name\" content=\"Fran\u00e7ois BOUSCH\" \/>\n<meta property=\"article:modified_time\" content=\"2021-09-03T21:21:25+00:00\" \/>\n<meta name=\"twitter:card\" content=\"summary_large_image\" \/>\n<meta name=\"twitter:label1\" content=\"Dur\u00e9e de lecture estim\u00e9e\" \/>\n\t<meta name=\"twitter:data1\" content=\"1 minute\" \/>\n<script type=\"application\/ld+json\" class=\"yoast-schema-graph\">{\"@context\":\"https:\\\/\\\/schema.org\",\"@graph\":[{\"@type\":\"WebPage\",\"@id\":\"https:\\\/\\\/francois-bousch.net\\\/compositeur\\\/en\\\/home\\\/\",\"url\":\"https:\\\/\\\/francois-bousch.net\\\/compositeur\\\/en\\\/home\\\/\",\"name\":\"Home - Fran\u00e7ois BOUSCH\",\"isPartOf\":{\"@id\":\"https:\\\/\\\/francois-bousch.net\\\/compositeur\\\/#website\"},\"datePublished\":\"2021-09-03T21:21:23+00:00\",\"dateModified\":\"2021-09-03T21:21:25+00:00\",\"breadcrumb\":{\"@id\":\"https:\\\/\\\/francois-bousch.net\\\/compositeur\\\/en\\\/home\\\/#breadcrumb\"},\"inLanguage\":\"fr-FR\",\"potentialAction\":[{\"@type\":\"ReadAction\",\"target\":[\"https:\\\/\\\/francois-bousch.net\\\/compositeur\\\/en\\\/home\\\/\"]}]},{\"@type\":\"BreadcrumbList\",\"@id\":\"https:\\\/\\\/francois-bousch.net\\\/compositeur\\\/en\\\/home\\\/#breadcrumb\",\"itemListElement\":[{\"@type\":\"ListItem\",\"position\":1,\"name\":\"Accueil\",\"item\":\"https:\\\/\\\/francois-bousch.net\\\/compositeur\\\/\"},{\"@type\":\"ListItem\",\"position\":2,\"name\":\"Home\"}]},{\"@type\":\"WebSite\",\"@id\":\"https:\\\/\\\/francois-bousch.net\\\/compositeur\\\/#website\",\"url\":\"https:\\\/\\\/francois-bousch.net\\\/compositeur\\\/\",\"name\":\"Fran\u00e7ois BOUSCH\",\"description\":\"Compositeur | Musique contemporaine\",\"publisher\":{\"@id\":\"https:\\\/\\\/francois-bousch.net\\\/compositeur\\\/#\\\/schema\\\/person\\\/e485a4bc6378740a3986576819488fcf\"},\"potentialAction\":[{\"@type\":\"SearchAction\",\"target\":{\"@type\":\"EntryPoint\",\"urlTemplate\":\"https:\\\/\\\/francois-bousch.net\\\/compositeur\\\/?s={search_term_string}\"},\"query-input\":{\"@type\":\"PropertyValueSpecification\",\"valueRequired\":true,\"valueName\":\"search_term_string\"}}],\"inLanguage\":\"fr-FR\"},{\"@type\":[\"Person\",\"Organization\"],\"@id\":\"https:\\\/\\\/francois-bousch.net\\\/compositeur\\\/#\\\/schema\\\/person\\\/e485a4bc6378740a3986576819488fcf\",\"name\":\"Francois\",\"image\":{\"@type\":\"ImageObject\",\"inLanguage\":\"fr-FR\",\"@id\":\"https:\\\/\\\/francois-bousch.net\\\/compositeur\\\/wp-content\\\/uploads\\\/logo.png\",\"url\":\"https:\\\/\\\/francois-bousch.net\\\/compositeur\\\/wp-content\\\/uploads\\\/logo.png\",\"contentUrl\":\"https:\\\/\\\/francois-bousch.net\\\/compositeur\\\/wp-content\\\/uploads\\\/logo.png\",\"width\":230,\"height\":449,\"caption\":\"Francois\"},\"logo\":{\"@id\":\"https:\\\/\\\/francois-bousch.net\\\/compositeur\\\/wp-content\\\/uploads\\\/logo.png\"},\"sameAs\":[\"https:\\\/\\\/francois-bousch.net\"]}]}<\/script>\n<!-- \/ Yoast SEO plugin. -->","yoast_head_json":{"title":"Home - Fran\u00e7ois BOUSCH","robots":{"index":"index","follow":"follow","max-snippet":"max-snippet:-1","max-image-preview":"max-image-preview:large","max-video-preview":"max-video-preview:-1"},"canonical":"https:\/\/francois-bousch.net\/compositeur\/en\/home\/","og_locale":"fr_FR","og_type":"article","og_title":"Home - Fran\u00e7ois BOUSCH","og_description":"If Fran\u00e7ois BOUSCH&nbsp;(1946) studied at the CNSMP (several prizes) with J.-P. GU\u00c9ZEC, C. BALLIF, B. JOLAS and O. MESSIAEN, he also had much contact with G. SCELSI, K. STOCKHAUSEN, and L. BERIO and learned Conducting under Charles BR\u00dcCK. Winner Georges ENESCO and Roger DUCASSE Prizes, he was awarded Pensionnaire of the Villa Medicis in Rome [&hellip;]","og_url":"https:\/\/francois-bousch.net\/compositeur\/en\/home\/","og_site_name":"Fran\u00e7ois BOUSCH","article_modified_time":"2021-09-03T21:21:25+00:00","twitter_card":"summary_large_image","twitter_misc":{"Dur\u00e9e de lecture estim\u00e9e":"1 minute"},"schema":{"@context":"https:\/\/schema.org","@graph":[{"@type":"WebPage","@id":"https:\/\/francois-bousch.net\/compositeur\/en\/home\/","url":"https:\/\/francois-bousch.net\/compositeur\/en\/home\/","name":"Home - Fran\u00e7ois BOUSCH","isPartOf":{"@id":"https:\/\/francois-bousch.net\/compositeur\/#website"},"datePublished":"2021-09-03T21:21:23+00:00","dateModified":"2021-09-03T21:21:25+00:00","breadcrumb":{"@id":"https:\/\/francois-bousch.net\/compositeur\/en\/home\/#breadcrumb"},"inLanguage":"fr-FR","potentialAction":[{"@type":"ReadAction","target":["https:\/\/francois-bousch.net\/compositeur\/en\/home\/"]}]},{"@type":"BreadcrumbList","@id":"https:\/\/francois-bousch.net\/compositeur\/en\/home\/#breadcrumb","itemListElement":[{"@type":"ListItem","position":1,"name":"Accueil","item":"https:\/\/francois-bousch.net\/compositeur\/"},{"@type":"ListItem","position":2,"name":"Home"}]},{"@type":"WebSite","@id":"https:\/\/francois-bousch.net\/compositeur\/#website","url":"https:\/\/francois-bousch.net\/compositeur\/","name":"Fran\u00e7ois BOUSCH","description":"Compositeur | Musique contemporaine","publisher":{"@id":"https:\/\/francois-bousch.net\/compositeur\/#\/schema\/person\/e485a4bc6378740a3986576819488fcf"},"potentialAction":[{"@type":"SearchAction","target":{"@type":"EntryPoint","urlTemplate":"https:\/\/francois-bousch.net\/compositeur\/?s={search_term_string}"},"query-input":{"@type":"PropertyValueSpecification","valueRequired":true,"valueName":"search_term_string"}}],"inLanguage":"fr-FR"},{"@type":["Person","Organization"],"@id":"https:\/\/francois-bousch.net\/compositeur\/#\/schema\/person\/e485a4bc6378740a3986576819488fcf","name":"Francois","image":{"@type":"ImageObject","inLanguage":"fr-FR","@id":"https:\/\/francois-bousch.net\/compositeur\/wp-content\/uploads\/logo.png","url":"https:\/\/francois-bousch.net\/compositeur\/wp-content\/uploads\/logo.png","contentUrl":"https:\/\/francois-bousch.net\/compositeur\/wp-content\/uploads\/logo.png","width":230,"height":449,"caption":"Francois"},"logo":{"@id":"https:\/\/francois-bousch.net\/compositeur\/wp-content\/uploads\/logo.png"},"sameAs":["https:\/\/francois-bousch.net"]}]}},"_links":{"self":[{"href":"https:\/\/francois-bousch.net\/compositeur\/wp-json\/wp\/v2\/pages\/926","targetHints":{"allow":["GET"]}}],"collection":[{"href":"https:\/\/francois-bousch.net\/compositeur\/wp-json\/wp\/v2\/pages"}],"about":[{"href":"https:\/\/francois-bousch.net\/compositeur\/wp-json\/wp\/v2\/types\/page"}],"author":[{"embeddable":true,"href":"https:\/\/francois-bousch.net\/compositeur\/wp-json\/wp\/v2\/users\/1"}],"replies":[{"embeddable":true,"href":"https:\/\/francois-bousch.net\/compositeur\/wp-json\/wp\/v2\/comments?post=926"}],"version-history":[{"count":2,"href":"https:\/\/francois-bousch.net\/compositeur\/wp-json\/wp\/v2\/pages\/926\/revisions"}],"predecessor-version":[{"id":1600,"href":"https:\/\/francois-bousch.net\/compositeur\/wp-json\/wp\/v2\/pages\/926\/revisions\/1600"}],"wp:attachment":[{"href":"https:\/\/francois-bousch.net\/compositeur\/wp-json\/wp\/v2\/media?parent=926"}],"curies":[{"name":"wp","href":"https:\/\/api.w.org\/{rel}","templated":true}]}}