{"id":520,"date":"2010-08-18T17:26:10","date_gmt":"2010-08-18T15:26:10","guid":{"rendered":"https:\/\/francois-bousch.net\/compositeur\/biographie\/"},"modified":"2021-09-22T14:17:17","modified_gmt":"2021-09-22T12:17:17","slug":"biographie","status":"publish","type":"page","link":"https:\/\/francois-bousch.net\/compositeur\/biographie\/","title":{"rendered":"Biographie"},"content":{"rendered":"\n<p><strong>Fran\u00e7ois BOUSCH<\/strong>, n\u00e9 le 24 Juillet 1946 \u00e0 Paris XIV, suit ses \u00e9tudes musicales \u00e0 la Schola Cantorum (Histoire de la Musique ), et au Conservatoire National Sup\u00e9rieur de Musique de Paris (Ecriture, Analyse, Ondes Martenot, Direction d\u2019orchestre, Composition musicale) avec notamment <em><strong>Michel Guiomar, Charles Bruck, Jeanne Loriod, Jean-Pierre Gu\u00e9zec, Betsy Jolas, Claude Ballif<\/strong><\/em> et <em><strong>Olivier Messiaen<\/strong><\/em>. Dans le cadre de ses \u00e9tudes, il rencontre <em><strong>Luciano Berio<\/strong><\/em> et <em><strong>Karlhein Stockhausen<\/strong><\/em>.<\/p>\n\n\n\n<p>En <strong>1972<\/strong>, il re\u00e7oit le Prix <strong>Roger Ducasse<\/strong>.<\/p>\n\n\n\n<p>En <strong>1974<\/strong>, nomm\u00e9 <strong>Pensionnaire de l&rsquo;Acad\u00e9mie de France \u00e0 Rome<\/strong> (Grand Prix de Rome) pour 2 ans, il s\u00e9journe \u00e0 la Villa M\u00e9dicis. Il rencontre des artistes de tous pays, Michiko Hirayama, James Dashow, Luca Pfaff\u2026 et noue une relation fructueuse avec le compositeur italien <em><strong>Giacinto Scelsi<\/strong><\/em>. Son oeuvre pour grand orchestre \u00ab Souffle de Vie-Lumi\u00e8re \u00bb est remarqu\u00e9e par la Radio italienne.<\/p>\n\n\n\n<p>D\u00e8s 1974, il participe activement \u00e0 l\u2019aventure de <strong>l\u2019ensemble Itin\u00e9raire<\/strong> avec <em><strong>Tristan Murail, Roger Tessier, Pierre-Yves Artaud<\/strong><\/em>\u2026 et \u00e0 son Comit\u00e9 de programmation (1978-1981).<\/p>\n\n\n\n<p>En <strong>1977<\/strong>, <em><strong>Tristan Murail<\/strong><\/em> l\u2019invite \u00e0 rejoindre <strong>l\u2019Ensemble d\u2019Instruments Electroniques de l\u2019Itin\u00e9raire<\/strong>. Il donne de nombreux concerts, r\u00e9alise de nombreuses cr\u00e9ations d\u2019oeuvres et participe \u00e0 de nombreux enregistrements (guitare \u00e9lectrique et claviers \u00e9lectroniques) avec cet<br>ensemble, <strong>l\u2019Ensemble Intercontemporain, l\u2019Ensemble 2E2M, l\u2019Ensemble Ars Nova<\/strong>, et les orchestres de <strong>Radio France<\/strong>, de <strong>Sicile<\/strong>\u2026<\/p>\n\n\n\n<p>En <strong>1980<\/strong>, il est stagiaire \u00e0 <strong>l\u2019IRCAM<\/strong> avec <em><strong>Tristan Murail, G\u00e9rard Grisey, Pascal Dusapin, Hugues Dufourt, Micha\u00ebl L\u00e9vinas et Roger Tessier<\/strong><\/em>.<\/p>\n\n\n\n<p>En <strong>1981<\/strong>, la <strong>Sacem<\/strong> lui attribue le Prix <strong>Georges Enesco<\/strong>.<\/p>\n\n\n\n<p>En <strong>1982<\/strong>, la <strong>Direction de la Musique<\/strong> du Minist\u00e8re de la Culture lui confie la mission de mettre en place <strong>l\u2019Ensemble Instrumental de Basse-Normandie<\/strong>, en tant que <strong>directeur artistique et musical<\/strong>.<\/p>\n\n\n\n<p>En <strong>1988<\/strong> il suit un stage au <strong>GRM<\/strong> (Groupe de Recherches Musicales de l\u2019Institut National de l\u2019Audiovisuel) sous la conduite de <em><strong>Daniel Teruggi<\/strong><\/em>, en compagnie de <em><strong>Philippe Leroux<\/strong><\/em>.<\/p>\n\n\n\n<p>En <strong>1990<\/strong> il est \u00e9lev\u00e9 au rang de <strong>Chevalier des Arts et des Lettres<\/strong> par le Ministre de la Culture. La m\u00eame ann\u00e9e, il fonde <strong>l\u2019ensemble Sine Qua Non<\/strong> dont il est <strong>directeur artistique<\/strong>, puis <strong>pr\u00e9sident d\u2019honneur<\/strong>.<\/p>\n\n\n\n<p>De <strong>1992<\/strong> \u00e0 <strong>1996<\/strong> il est nomm\u00e9 <strong>Vice-Pr\u00e9sident de la Commission Musique Symphonique<\/strong> de la <strong>SACEM<\/strong>.<\/p>\n\n\n\n<p>De <strong>1996<\/strong> \u00e0 <strong>2001<\/strong>, il est <strong>pr\u00e9sident<\/strong> de la <strong>section fran\u00e7aise<\/strong> de la <strong>Soci\u00e9t\u00e9 Internationale<\/strong> pour la <strong>Musique Contemporaine<\/strong>, association internationale fond\u00e9e en 1922 \u00e0 Salzbourg, regroupant des noms prestigieux comme <em><strong>Ravel, Bartok, Webern, Hindemith, Kodaly, Berg, Roussel, Schoenberg, Koechlin, Milhaud, Poulenc, Dutilleux<\/strong><\/em>\u2026 elle regroupe aujourd\u2019hui 50 Pays \u00e0 travers le Monde dont la France. Son si\u00e8ge se trouve \u00e0 <strong>l\u2019UNESCO<\/strong>, \u00e0 Paris.<\/p>\n\n\n\n<div style=\"height:20px\" aria-hidden=\"true\" class=\"wp-block-spacer\"><\/div>\n\n\n\n<div class=\"wp-block-ftg-gallery\">[FinalTilesGallery id=\u00a0\u00bb1&Prime; layout=\u00a0\u00bbcolumns\u00a0\u00bb undefined]<\/div>\n\n\n\n<div style=\"height:20px\" aria-hidden=\"true\" class=\"wp-block-spacer\"><\/div>\n\n\n\n<p>Compositeur, <strong>Fran\u00e7ois Bousch<\/strong> a re\u00e7u des commandes principalement de l\u2019Etat, de l\u2019Op\u00e9ra de Paris, de Radio France, de l\u2019Institut National de l\u2019Audiovisuel, de l\u2019Itin\u00e9raire, d\u2019Ars Nova\u2026<br><strong>Ses oeuvres<\/strong> utilisent aussi bien les moyens classiques que les nouvelles technologies : oeuvres pour orchestre avec ou sans solistes dont Souffle de Vie-Lumi\u00e8re, Ecrin d\u2019Eternit\u00e9 et Arc en Ciel ; pour ensemble instrumental ou musique de chambre dont Talea Tempore, M\u00e9moires Tiss\u00e9es, Dragon ; pour solistes dont Fission d\u2019Echo, Lueurs Vives Eclipses, Sir\u00e8nes ; avec dispositif \u00e9lectroacoustique ou sons fix\u00e9s dont Spirales Insolites, Pluie-Lumi\u00e8res\u2026.<\/p>\n\n\n\n<p>Elles ont \u00e9t\u00e9 jou\u00e9es dans de nombreux <strong>festivals<\/strong>, tant en France qu&rsquo;\u00e0 l&rsquo;\u00e9tranger et <strong>radiodiffus\u00e9es<\/strong> dans de nombreux pays.<\/p>\n\n\n\n<p><strong>Fran\u00e7ois Bousch a \u00e9t\u00e9 en r\u00e9sidence au Festival Angers Musique du XX\u00b0 si\u00e8cle<\/strong> (1989) et au <strong>Cefedem-Sud<\/strong> (1998-99).<br>Parall\u00e8lement \u00e0 son activit\u00e9 de compositeur et d\u2019interpr\u00e8te, Fran\u00e7ois Bousch m\u00e8ne celle de <strong>p\u00e9dagogue<\/strong>. En 1976 il obtient Le Certificat d\u2019aptitude de professeur d\u2019analyse et en 1977 celui de directeur. De 1977 \u00e0 1999 il cr\u00e9\u00e9 et d\u00e9veloppe, \u00e0 la demande des Collectivit\u00e9s, une \u00e9cole de musique qui deviendra intercommunale en 1979, agr\u00e9\u00e9e en 1982, nationale en 1984. L\u2019architecture du b\u00e2timent (1986) due \u00e0 <em><strong>Pierre Riboulet<\/strong><\/em> est particuli\u00e8rement repr\u00e9sentative de l\u2019esprit de p\u00e9dagogie inventive de cette Ecole Nationale de Musique et de Danse de l\u2019agglom\u00e9ration nouvelle <strong>d\u2019Evry<\/strong>.<\/p>\n\n\n\n<p>Il participe \u00e0 de nombreux travaux, commissions, Conseils d\u2019Administration et la Direction de la Musique du Minist\u00e8re de la Culture le charge d\u2019Inspection pour l\u2019agr\u00e9ment de plusieurs Ecoles de Musique.<\/p>\n\n\n\n<p>Fran\u00e7ois Bousch est aussi professeur d\u2019Analyse (1992-1995), d\u2019Ecriture (1992-1999), d\u2019Electroacoustique et d\u2019informatique musicale (1988-1999), de Composition musicale et d\u2019orchestration (1988-2000), charg\u00e9 de cours en DEUG Musicologie \u00e0 la Facult\u00e9 Evry Val d\u2019Essonne : \u00ab Evolution et th\u00e9orie du langage \u00bb (Cours Magistral), Pratique cr\u00e9ative (Travaux dirig\u00e9s).<\/p>\n\n\n\n<p>Directeur du CEFEDEM de Lorraine (2000-2011),<\/p>\n\n\n\n<p><em><strong>Dor\u00e9navant il se consacre prioritairement \u00e0 la composition.<\/strong><\/em><\/p>\n","protected":false},"excerpt":{"rendered":"<p><strong><img decoding=\"async\" class=\" size-full wp-image-519\" alt=\"Fran\u00e7ois Bousch\" class=\"imagedroite\" src=\"https:\/\/francois-bousch.net\/compositeur\/wp-content\/uploads\/2010\/08\/images_fr-bousch.jpg\" style=\"float:right; height:230px; width:173px\" width=\"173\" height=\"230\" \/>Fran&ccedil;ois BOUSCH<\/strong>, n&eacute; le 24 Juillet 1946 &agrave; Paris XIV, suit ses &eacute;tudes musicales &agrave; la Schola Cantorum (Histoire de la Musique ), et au Conservatoire National Sup&eacute;rieur de Musique de Paris (Ecriture, Analyse, Ondes Martenot, Direction d&rsquo;orchestre, Composition musicale) avec notamment <em><strong>Michel Guiomar, Charles Bruck, Jeanne Loriod, Jean-Pierre Gu&eacute;zec, Betsy Jolas, C<\/p>\n","protected":false},"author":1,"featured_media":0,"parent":0,"menu_order":0,"comment_status":"closed","ping_status":"closed","template":"","meta":{"site-sidebar-layout":"default","site-content-layout":"default","ast-site-content-layout":"default","site-content-style":"default","site-sidebar-style":"default","ast-global-header-display":"","ast-banner-title-visibility":"","ast-main-header-display":"","ast-hfb-above-header-display":"","ast-hfb-below-header-display":"","ast-hfb-mobile-header-display":"","site-post-title":"","ast-breadcrumbs-content":"","ast-featured-img":"","footer-sml-layout":"","theme-transparent-header-meta":"default","adv-header-id-meta":"","stick-header-meta":"","header-above-stick-meta":"","header-main-stick-meta":"","header-below-stick-meta":"","astra-migrate-meta-layouts":"default","ast-page-background-enabled":"default","ast-page-background-meta":{"desktop":{"background-color":"var(--ast-global-color-4)","background-image":"","background-repeat":"repeat","background-position":"center center","background-size":"auto","background-attachment":"scroll","background-type":"","background-media":"","overlay-type":"","overlay-color":"","overlay-opacity":"","overlay-gradient":""},"tablet":{"background-color":"","background-image":"","background-repeat":"repeat","background-position":"center center","background-size":"auto","background-attachment":"scroll","background-type":"","background-media":"","overlay-type":"","overlay-color":"","overlay-opacity":"","overlay-gradient":""},"mobile":{"background-color":"","background-image":"","background-repeat":"repeat","background-position":"center center","background-size":"auto","background-attachment":"scroll","background-type":"","background-media":"","overlay-type":"","overlay-color":"","overlay-opacity":"","overlay-gradient":""}},"ast-content-background-meta":{"desktop":{"background-color":"var(--ast-global-color-5)","background-image":"","background-repeat":"repeat","background-position":"center center","background-size":"auto","background-attachment":"scroll","background-type":"","background-media":"","overlay-type":"","overlay-color":"","overlay-opacity":"","overlay-gradient":""},"tablet":{"background-color":"var(--ast-global-color-5)","background-image":"","background-repeat":"repeat","background-position":"center center","background-size":"auto","background-attachment":"scroll","background-type":"","background-media":"","overlay-type":"","overlay-color":"","overlay-opacity":"","overlay-gradient":""},"mobile":{"background-color":"var(--ast-global-color-5)","background-image":"","background-repeat":"repeat","background-position":"center center","background-size":"auto","background-attachment":"scroll","background-type":"","background-media":"","overlay-type":"","overlay-color":"","overlay-opacity":"","overlay-gradient":""}},"footnotes":""},"class_list":["post-520","page","type-page","status-publish","hentry"],"yoast_head":"<!-- This site is optimized with the Yoast SEO plugin v27.6 - https:\/\/yoast.com\/product\/yoast-seo-wordpress\/ -->\n<title>Biographie - Fran\u00e7ois BOUSCH<\/title>\n<meta name=\"robots\" content=\"index, follow, max-snippet:-1, max-image-preview:large, max-video-preview:-1\" \/>\n<link rel=\"canonical\" href=\"https:\/\/francois-bousch.net\/compositeur\/biographie\/\" \/>\n<meta property=\"og:locale\" content=\"fr_FR\" \/>\n<meta property=\"og:type\" content=\"article\" \/>\n<meta property=\"og:title\" content=\"Biographie - Fran\u00e7ois BOUSCH\" \/>\n<meta property=\"og:description\" content=\"Fran&ccedil;ois BOUSCH, n&eacute; le 24 Juillet 1946 &agrave; Paris XIV, suit ses &eacute;tudes musicales &agrave; la Schola Cantorum (Histoire de la Musique ), et au Conservatoire National Sup&eacute;rieur de Musique de Paris (Ecriture, Analyse, Ondes Martenot, Direction d&rsquo;orchestre, Composition musicale) avec notamment Michel Guiomar, Charles Bruck, Jeanne Loriod, Jean-Pierre Gu&eacute;zec, Betsy Jolas, C\" \/>\n<meta property=\"og:url\" content=\"https:\/\/francois-bousch.net\/compositeur\/biographie\/\" \/>\n<meta property=\"og:site_name\" content=\"Fran\u00e7ois BOUSCH\" \/>\n<meta property=\"article:modified_time\" content=\"2021-09-22T12:17:17+00:00\" \/>\n<meta name=\"twitter:card\" content=\"summary_large_image\" \/>\n<meta name=\"twitter:label1\" content=\"Dur\u00e9e de lecture estim\u00e9e\" \/>\n\t<meta name=\"twitter:data1\" content=\"4 minutes\" \/>\n<script type=\"application\/ld+json\" class=\"yoast-schema-graph\">{\"@context\":\"https:\\\/\\\/schema.org\",\"@graph\":[{\"@type\":\"WebPage\",\"@id\":\"https:\\\/\\\/francois-bousch.net\\\/compositeur\\\/biographie\\\/\",\"url\":\"https:\\\/\\\/francois-bousch.net\\\/compositeur\\\/biographie\\\/\",\"name\":\"Biographie - Fran\u00e7ois BOUSCH\",\"isPartOf\":{\"@id\":\"https:\\\/\\\/francois-bousch.net\\\/compositeur\\\/#website\"},\"datePublished\":\"2010-08-18T15:26:10+00:00\",\"dateModified\":\"2021-09-22T12:17:17+00:00\",\"breadcrumb\":{\"@id\":\"https:\\\/\\\/francois-bousch.net\\\/compositeur\\\/biographie\\\/#breadcrumb\"},\"inLanguage\":\"fr-FR\",\"potentialAction\":[{\"@type\":\"ReadAction\",\"target\":[\"https:\\\/\\\/francois-bousch.net\\\/compositeur\\\/biographie\\\/\"]}]},{\"@type\":\"BreadcrumbList\",\"@id\":\"https:\\\/\\\/francois-bousch.net\\\/compositeur\\\/biographie\\\/#breadcrumb\",\"itemListElement\":[{\"@type\":\"ListItem\",\"position\":1,\"name\":\"Accueil\",\"item\":\"https:\\\/\\\/francois-bousch.net\\\/compositeur\\\/\"},{\"@type\":\"ListItem\",\"position\":2,\"name\":\"Biographie\"}]},{\"@type\":\"WebSite\",\"@id\":\"https:\\\/\\\/francois-bousch.net\\\/compositeur\\\/#website\",\"url\":\"https:\\\/\\\/francois-bousch.net\\\/compositeur\\\/\",\"name\":\"Fran\u00e7ois BOUSCH\",\"description\":\"Compositeur | Musique contemporaine\",\"publisher\":{\"@id\":\"https:\\\/\\\/francois-bousch.net\\\/compositeur\\\/#\\\/schema\\\/person\\\/e485a4bc6378740a3986576819488fcf\"},\"potentialAction\":[{\"@type\":\"SearchAction\",\"target\":{\"@type\":\"EntryPoint\",\"urlTemplate\":\"https:\\\/\\\/francois-bousch.net\\\/compositeur\\\/?s={search_term_string}\"},\"query-input\":{\"@type\":\"PropertyValueSpecification\",\"valueRequired\":true,\"valueName\":\"search_term_string\"}}],\"inLanguage\":\"fr-FR\"},{\"@type\":[\"Person\",\"Organization\"],\"@id\":\"https:\\\/\\\/francois-bousch.net\\\/compositeur\\\/#\\\/schema\\\/person\\\/e485a4bc6378740a3986576819488fcf\",\"name\":\"Francois\",\"image\":{\"@type\":\"ImageObject\",\"inLanguage\":\"fr-FR\",\"@id\":\"https:\\\/\\\/francois-bousch.net\\\/compositeur\\\/wp-content\\\/uploads\\\/logo.png\",\"url\":\"https:\\\/\\\/francois-bousch.net\\\/compositeur\\\/wp-content\\\/uploads\\\/logo.png\",\"contentUrl\":\"https:\\\/\\\/francois-bousch.net\\\/compositeur\\\/wp-content\\\/uploads\\\/logo.png\",\"width\":230,\"height\":449,\"caption\":\"Francois\"},\"logo\":{\"@id\":\"https:\\\/\\\/francois-bousch.net\\\/compositeur\\\/wp-content\\\/uploads\\\/logo.png\"},\"sameAs\":[\"https:\\\/\\\/francois-bousch.net\"]}]}<\/script>\n<!-- \/ Yoast SEO plugin. -->","yoast_head_json":{"title":"Biographie - Fran\u00e7ois BOUSCH","robots":{"index":"index","follow":"follow","max-snippet":"max-snippet:-1","max-image-preview":"max-image-preview:large","max-video-preview":"max-video-preview:-1"},"canonical":"https:\/\/francois-bousch.net\/compositeur\/biographie\/","og_locale":"fr_FR","og_type":"article","og_title":"Biographie - Fran\u00e7ois BOUSCH","og_description":"Fran&ccedil;ois BOUSCH, n&eacute; le 24 Juillet 1946 &agrave; Paris XIV, suit ses &eacute;tudes musicales &agrave; la Schola Cantorum (Histoire de la Musique ), et au Conservatoire National Sup&eacute;rieur de Musique de Paris (Ecriture, Analyse, Ondes Martenot, Direction d&rsquo;orchestre, Composition musicale) avec notamment Michel Guiomar, Charles Bruck, Jeanne Loriod, Jean-Pierre Gu&eacute;zec, Betsy Jolas, C","og_url":"https:\/\/francois-bousch.net\/compositeur\/biographie\/","og_site_name":"Fran\u00e7ois BOUSCH","article_modified_time":"2021-09-22T12:17:17+00:00","twitter_card":"summary_large_image","twitter_misc":{"Dur\u00e9e de lecture estim\u00e9e":"4 minutes"},"schema":{"@context":"https:\/\/schema.org","@graph":[{"@type":"WebPage","@id":"https:\/\/francois-bousch.net\/compositeur\/biographie\/","url":"https:\/\/francois-bousch.net\/compositeur\/biographie\/","name":"Biographie - Fran\u00e7ois BOUSCH","isPartOf":{"@id":"https:\/\/francois-bousch.net\/compositeur\/#website"},"datePublished":"2010-08-18T15:26:10+00:00","dateModified":"2021-09-22T12:17:17+00:00","breadcrumb":{"@id":"https:\/\/francois-bousch.net\/compositeur\/biographie\/#breadcrumb"},"inLanguage":"fr-FR","potentialAction":[{"@type":"ReadAction","target":["https:\/\/francois-bousch.net\/compositeur\/biographie\/"]}]},{"@type":"BreadcrumbList","@id":"https:\/\/francois-bousch.net\/compositeur\/biographie\/#breadcrumb","itemListElement":[{"@type":"ListItem","position":1,"name":"Accueil","item":"https:\/\/francois-bousch.net\/compositeur\/"},{"@type":"ListItem","position":2,"name":"Biographie"}]},{"@type":"WebSite","@id":"https:\/\/francois-bousch.net\/compositeur\/#website","url":"https:\/\/francois-bousch.net\/compositeur\/","name":"Fran\u00e7ois BOUSCH","description":"Compositeur | Musique contemporaine","publisher":{"@id":"https:\/\/francois-bousch.net\/compositeur\/#\/schema\/person\/e485a4bc6378740a3986576819488fcf"},"potentialAction":[{"@type":"SearchAction","target":{"@type":"EntryPoint","urlTemplate":"https:\/\/francois-bousch.net\/compositeur\/?s={search_term_string}"},"query-input":{"@type":"PropertyValueSpecification","valueRequired":true,"valueName":"search_term_string"}}],"inLanguage":"fr-FR"},{"@type":["Person","Organization"],"@id":"https:\/\/francois-bousch.net\/compositeur\/#\/schema\/person\/e485a4bc6378740a3986576819488fcf","name":"Francois","image":{"@type":"ImageObject","inLanguage":"fr-FR","@id":"https:\/\/francois-bousch.net\/compositeur\/wp-content\/uploads\/logo.png","url":"https:\/\/francois-bousch.net\/compositeur\/wp-content\/uploads\/logo.png","contentUrl":"https:\/\/francois-bousch.net\/compositeur\/wp-content\/uploads\/logo.png","width":230,"height":449,"caption":"Francois"},"logo":{"@id":"https:\/\/francois-bousch.net\/compositeur\/wp-content\/uploads\/logo.png"},"sameAs":["https:\/\/francois-bousch.net"]}]}},"_links":{"self":[{"href":"https:\/\/francois-bousch.net\/compositeur\/wp-json\/wp\/v2\/pages\/520","targetHints":{"allow":["GET"]}}],"collection":[{"href":"https:\/\/francois-bousch.net\/compositeur\/wp-json\/wp\/v2\/pages"}],"about":[{"href":"https:\/\/francois-bousch.net\/compositeur\/wp-json\/wp\/v2\/types\/page"}],"author":[{"embeddable":true,"href":"https:\/\/francois-bousch.net\/compositeur\/wp-json\/wp\/v2\/users\/1"}],"replies":[{"embeddable":true,"href":"https:\/\/francois-bousch.net\/compositeur\/wp-json\/wp\/v2\/comments?post=520"}],"version-history":[{"count":7,"href":"https:\/\/francois-bousch.net\/compositeur\/wp-json\/wp\/v2\/pages\/520\/revisions"}],"predecessor-version":[{"id":1371,"href":"https:\/\/francois-bousch.net\/compositeur\/wp-json\/wp\/v2\/pages\/520\/revisions\/1371"}],"wp:attachment":[{"href":"https:\/\/francois-bousch.net\/compositeur\/wp-json\/wp\/v2\/media?parent=520"}],"curies":[{"name":"wp","href":"https:\/\/api.w.org\/{rel}","templated":true}]}}