{"id":3,"date":"2021-08-31T20:16:47","date_gmt":"2021-08-31T18:16:47","guid":{"rendered":"https:\/\/francois-bousch.net\/compositeur\/?page_id=3"},"modified":"2021-11-10T23:33:20","modified_gmt":"2021-11-10T22:33:20","slug":"politique-de-confidentialite","status":"publish","type":"page","link":"https:\/\/francois-bousch.net\/compositeur\/politique-de-confidentialite\/","title":{"rendered":"Politique de confidentialit\u00e9"},"content":{"rendered":"\r\n\r\n\r\n\r\n\r\n\r\n\r\n\r\n\r\n<h2 class=\"wp-block-heading\">Contenu embarqu\u00e9 depuis d\u2019autres sites<\/h2>\r\n\r\n\r\n\r\n<p>Les articles de ce site peuvent inclure des contenus int\u00e9gr\u00e9s (par exemple des vid\u00e9os, images, articles\u2026). Le contenu int\u00e9gr\u00e9 depuis d\u2019autres sites se comporte de la m\u00eame mani\u00e8re que si le visiteur se rendait sur cet autre site.<\/p>\r\n\r\n\r\n\r\n<p>Ces sites web pourraient collecter des donn\u00e9es sur vous, utiliser des cookies, embarquer des outils de suivis tiers, suivre vos interactions avec ces contenus embarqu\u00e9s si vous disposez d\u2019un compte connect\u00e9 sur leur site web.<\/p>\r\n<h2>Utilisation et transmission de vos donn\u00e9es personnelles<\/h2>\r\n<h3>Formulaire de contact<\/h3>\r\n<p>Les informations que nous sommes amen\u00e9es \u00e0 recueillir proviennent du formulaire de Contact et de l\u2019enregistrement volontaire de votre nom et adresse e-mail, afin que nous puissions donner une r\u00e9ponse \u00e0 votre message<\/p>\r\n<p>Votre adresse e-mail et vos coordonn\u00e9es ne nous serviront qu\u2019\u00e0 vous donner une r\u00e9ponse et seront d\u00e9truites \u00e0 terme.<\/p>\r\n<h3>DONN\u00c9ES PERSONNELLES<\/h3>\r\n<p>\u00ab\u00a0Aucune information personnelle n\u2019est collect\u00e9e \u00e0 votre insu\u00a0\u00bb<br \/>\u00ab\u00a0Aucune information personnelle n\u2019est c\u00e9d\u00e9e \u00e0 des tiers\u00a0\u00bb<br \/>\u00ab\u00a0Aucune information personnelle n\u2019est utilis\u00e9e \u00e0 des fins non pr\u00e9vues\u00a0\u00bb<\/p>\r\n\r\n\r\n\r\n\r\n\r\n\r\n","protected":false},"excerpt":{"rendered":"<p>Contenu embarqu\u00e9 depuis d\u2019autres sites Les articles de ce site peuvent inclure des contenus int\u00e9gr\u00e9s (par exemple des vid\u00e9os, images, articles\u2026). Le contenu int\u00e9gr\u00e9 depuis d\u2019autres sites se comporte de la m\u00eame mani\u00e8re que si le visiteur se rendait sur cet autre site. Ces sites web pourraient collecter des donn\u00e9es sur vous, utiliser des cookies, [&hellip;]<\/p>\n","protected":false},"author":1,"featured_media":0,"parent":0,"menu_order":0,"comment_status":"closed","ping_status":"open","template":"","meta":{"site-sidebar-layout":"default","site-content-layout":"default","ast-site-content-layout":"default","site-content-style":"default","site-sidebar-style":"default","ast-global-header-display":"","ast-banner-title-visibility":"","ast-main-header-display":"","ast-hfb-above-header-display":"","ast-hfb-below-header-display":"","ast-hfb-mobile-header-display":"","site-post-title":"","ast-breadcrumbs-content":"","ast-featured-img":"","footer-sml-layout":"","theme-transparent-header-meta":"default","adv-header-id-meta":"","stick-header-meta":"","header-above-stick-meta":"","header-main-stick-meta":"","header-below-stick-meta":"","astra-migrate-meta-layouts":"default","ast-page-background-enabled":"default","ast-page-background-meta":{"desktop":{"background-color":"var(--ast-global-color-4)","background-image":"","background-repeat":"repeat","background-position":"center center","background-size":"auto","background-attachment":"scroll","background-type":"","background-media":"","overlay-type":"","overlay-color":"","overlay-opacity":"","overlay-gradient":""},"tablet":{"background-color":"","background-image":"","background-repeat":"repeat","background-position":"center center","background-size":"auto","background-attachment":"scroll","background-type":"","background-media":"","overlay-type":"","overlay-color":"","overlay-opacity":"","overlay-gradient":""},"mobile":{"background-color":"","background-image":"","background-repeat":"repeat","background-position":"center center","background-size":"auto","background-attachment":"scroll","background-type":"","background-media":"","overlay-type":"","overlay-color":"","overlay-opacity":"","overlay-gradient":""}},"ast-content-background-meta":{"desktop":{"background-color":"var(--ast-global-color-5)","background-image":"","background-repeat":"repeat","background-position":"center center","background-size":"auto","background-attachment":"scroll","background-type":"","background-media":"","overlay-type":"","overlay-color":"","overlay-opacity":"","overlay-gradient":""},"tablet":{"background-color":"var(--ast-global-color-5)","background-image":"","background-repeat":"repeat","background-position":"center center","background-size":"auto","background-attachment":"scroll","background-type":"","background-media":"","overlay-type":"","overlay-color":"","overlay-opacity":"","overlay-gradient":""},"mobile":{"background-color":"var(--ast-global-color-5)","background-image":"","background-repeat":"repeat","background-position":"center center","background-size":"auto","background-attachment":"scroll","background-type":"","background-media":"","overlay-type":"","overlay-color":"","overlay-opacity":"","overlay-gradient":""}},"footnotes":""},"class_list":["post-3","page","type-page","status-publish","hentry"],"yoast_head":"<!-- This site is optimized with the Yoast SEO plugin v27.3 - https:\/\/yoast.com\/product\/yoast-seo-wordpress\/ -->\n<title>Politique de confidentialit\u00e9 - Fran\u00e7ois BOUSCH<\/title>\n<meta name=\"robots\" content=\"index, follow, max-snippet:-1, max-image-preview:large, max-video-preview:-1\" \/>\n<link rel=\"canonical\" href=\"https:\/\/francois-bousch.net\/compositeur\/politique-de-confidentialite\/\" \/>\n<meta property=\"og:locale\" content=\"fr_FR\" \/>\n<meta property=\"og:type\" content=\"article\" \/>\n<meta property=\"og:title\" content=\"Politique de confidentialit\u00e9 - Fran\u00e7ois BOUSCH\" \/>\n<meta property=\"og:description\" content=\"Contenu embarqu\u00e9 depuis d\u2019autres sites Les articles de ce site peuvent inclure des contenus int\u00e9gr\u00e9s (par exemple des vid\u00e9os, images, articles\u2026). Le contenu int\u00e9gr\u00e9 depuis d\u2019autres sites se comporte de la m\u00eame mani\u00e8re que si le visiteur se rendait sur cet autre site. Ces sites web pourraient collecter des donn\u00e9es sur vous, utiliser des cookies, [&hellip;]\" \/>\n<meta property=\"og:url\" content=\"https:\/\/francois-bousch.net\/compositeur\/politique-de-confidentialite\/\" \/>\n<meta property=\"og:site_name\" content=\"Fran\u00e7ois BOUSCH\" \/>\n<meta property=\"article:modified_time\" content=\"2021-11-10T22:33:20+00:00\" \/>\n<meta name=\"twitter:card\" content=\"summary_large_image\" \/>\n<meta name=\"twitter:label1\" content=\"Dur\u00e9e de lecture estim\u00e9e\" \/>\n\t<meta name=\"twitter:data1\" content=\"1 minute\" \/>\n<script type=\"application\/ld+json\" class=\"yoast-schema-graph\">{\"@context\":\"https:\\\/\\\/schema.org\",\"@graph\":[{\"@type\":\"WebPage\",\"@id\":\"https:\\\/\\\/francois-bousch.net\\\/compositeur\\\/politique-de-confidentialite\\\/\",\"url\":\"https:\\\/\\\/francois-bousch.net\\\/compositeur\\\/politique-de-confidentialite\\\/\",\"name\":\"Politique de confidentialit\u00e9 - Fran\u00e7ois BOUSCH\",\"isPartOf\":{\"@id\":\"https:\\\/\\\/francois-bousch.net\\\/compositeur\\\/#website\"},\"datePublished\":\"2021-08-31T18:16:47+00:00\",\"dateModified\":\"2021-11-10T22:33:20+00:00\",\"breadcrumb\":{\"@id\":\"https:\\\/\\\/francois-bousch.net\\\/compositeur\\\/politique-de-confidentialite\\\/#breadcrumb\"},\"inLanguage\":\"fr-FR\",\"potentialAction\":[{\"@type\":\"ReadAction\",\"target\":[\"https:\\\/\\\/francois-bousch.net\\\/compositeur\\\/politique-de-confidentialite\\\/\"]}]},{\"@type\":\"BreadcrumbList\",\"@id\":\"https:\\\/\\\/francois-bousch.net\\\/compositeur\\\/politique-de-confidentialite\\\/#breadcrumb\",\"itemListElement\":[{\"@type\":\"ListItem\",\"position\":1,\"name\":\"Accueil\",\"item\":\"https:\\\/\\\/francois-bousch.net\\\/compositeur\\\/\"},{\"@type\":\"ListItem\",\"position\":2,\"name\":\"Politique de confidentialit\u00e9\"}]},{\"@type\":\"WebSite\",\"@id\":\"https:\\\/\\\/francois-bousch.net\\\/compositeur\\\/#website\",\"url\":\"https:\\\/\\\/francois-bousch.net\\\/compositeur\\\/\",\"name\":\"Fran\u00e7ois BOUSCH\",\"description\":\"Compositeur | Musique contemporaine\",\"publisher\":{\"@id\":\"https:\\\/\\\/francois-bousch.net\\\/compositeur\\\/#\\\/schema\\\/person\\\/e485a4bc6378740a3986576819488fcf\"},\"potentialAction\":[{\"@type\":\"SearchAction\",\"target\":{\"@type\":\"EntryPoint\",\"urlTemplate\":\"https:\\\/\\\/francois-bousch.net\\\/compositeur\\\/?s={search_term_string}\"},\"query-input\":{\"@type\":\"PropertyValueSpecification\",\"valueRequired\":true,\"valueName\":\"search_term_string\"}}],\"inLanguage\":\"fr-FR\"},{\"@type\":[\"Person\",\"Organization\"],\"@id\":\"https:\\\/\\\/francois-bousch.net\\\/compositeur\\\/#\\\/schema\\\/person\\\/e485a4bc6378740a3986576819488fcf\",\"name\":\"Francois\",\"image\":{\"@type\":\"ImageObject\",\"inLanguage\":\"fr-FR\",\"@id\":\"https:\\\/\\\/francois-bousch.net\\\/compositeur\\\/wp-content\\\/uploads\\\/logo.png\",\"url\":\"https:\\\/\\\/francois-bousch.net\\\/compositeur\\\/wp-content\\\/uploads\\\/logo.png\",\"contentUrl\":\"https:\\\/\\\/francois-bousch.net\\\/compositeur\\\/wp-content\\\/uploads\\\/logo.png\",\"width\":230,\"height\":449,\"caption\":\"Francois\"},\"logo\":{\"@id\":\"https:\\\/\\\/francois-bousch.net\\\/compositeur\\\/wp-content\\\/uploads\\\/logo.png\"},\"sameAs\":[\"https:\\\/\\\/francois-bousch.net\"]}]}<\/script>\n<!-- \/ Yoast SEO plugin. -->","yoast_head_json":{"title":"Politique de confidentialit\u00e9 - Fran\u00e7ois BOUSCH","robots":{"index":"index","follow":"follow","max-snippet":"max-snippet:-1","max-image-preview":"max-image-preview:large","max-video-preview":"max-video-preview:-1"},"canonical":"https:\/\/francois-bousch.net\/compositeur\/politique-de-confidentialite\/","og_locale":"fr_FR","og_type":"article","og_title":"Politique de confidentialit\u00e9 - Fran\u00e7ois BOUSCH","og_description":"Contenu embarqu\u00e9 depuis d\u2019autres sites Les articles de ce site peuvent inclure des contenus int\u00e9gr\u00e9s (par exemple des vid\u00e9os, images, articles\u2026). Le contenu int\u00e9gr\u00e9 depuis d\u2019autres sites se comporte de la m\u00eame mani\u00e8re que si le visiteur se rendait sur cet autre site. Ces sites web pourraient collecter des donn\u00e9es sur vous, utiliser des cookies, [&hellip;]","og_url":"https:\/\/francois-bousch.net\/compositeur\/politique-de-confidentialite\/","og_site_name":"Fran\u00e7ois BOUSCH","article_modified_time":"2021-11-10T22:33:20+00:00","twitter_card":"summary_large_image","twitter_misc":{"Dur\u00e9e de lecture estim\u00e9e":"1 minute"},"schema":{"@context":"https:\/\/schema.org","@graph":[{"@type":"WebPage","@id":"https:\/\/francois-bousch.net\/compositeur\/politique-de-confidentialite\/","url":"https:\/\/francois-bousch.net\/compositeur\/politique-de-confidentialite\/","name":"Politique de confidentialit\u00e9 - Fran\u00e7ois BOUSCH","isPartOf":{"@id":"https:\/\/francois-bousch.net\/compositeur\/#website"},"datePublished":"2021-08-31T18:16:47+00:00","dateModified":"2021-11-10T22:33:20+00:00","breadcrumb":{"@id":"https:\/\/francois-bousch.net\/compositeur\/politique-de-confidentialite\/#breadcrumb"},"inLanguage":"fr-FR","potentialAction":[{"@type":"ReadAction","target":["https:\/\/francois-bousch.net\/compositeur\/politique-de-confidentialite\/"]}]},{"@type":"BreadcrumbList","@id":"https:\/\/francois-bousch.net\/compositeur\/politique-de-confidentialite\/#breadcrumb","itemListElement":[{"@type":"ListItem","position":1,"name":"Accueil","item":"https:\/\/francois-bousch.net\/compositeur\/"},{"@type":"ListItem","position":2,"name":"Politique de confidentialit\u00e9"}]},{"@type":"WebSite","@id":"https:\/\/francois-bousch.net\/compositeur\/#website","url":"https:\/\/francois-bousch.net\/compositeur\/","name":"Fran\u00e7ois BOUSCH","description":"Compositeur | Musique contemporaine","publisher":{"@id":"https:\/\/francois-bousch.net\/compositeur\/#\/schema\/person\/e485a4bc6378740a3986576819488fcf"},"potentialAction":[{"@type":"SearchAction","target":{"@type":"EntryPoint","urlTemplate":"https:\/\/francois-bousch.net\/compositeur\/?s={search_term_string}"},"query-input":{"@type":"PropertyValueSpecification","valueRequired":true,"valueName":"search_term_string"}}],"inLanguage":"fr-FR"},{"@type":["Person","Organization"],"@id":"https:\/\/francois-bousch.net\/compositeur\/#\/schema\/person\/e485a4bc6378740a3986576819488fcf","name":"Francois","image":{"@type":"ImageObject","inLanguage":"fr-FR","@id":"https:\/\/francois-bousch.net\/compositeur\/wp-content\/uploads\/logo.png","url":"https:\/\/francois-bousch.net\/compositeur\/wp-content\/uploads\/logo.png","contentUrl":"https:\/\/francois-bousch.net\/compositeur\/wp-content\/uploads\/logo.png","width":230,"height":449,"caption":"Francois"},"logo":{"@id":"https:\/\/francois-bousch.net\/compositeur\/wp-content\/uploads\/logo.png"},"sameAs":["https:\/\/francois-bousch.net"]}]}},"_links":{"self":[{"href":"https:\/\/francois-bousch.net\/compositeur\/wp-json\/wp\/v2\/pages\/3","targetHints":{"allow":["GET"]}}],"collection":[{"href":"https:\/\/francois-bousch.net\/compositeur\/wp-json\/wp\/v2\/pages"}],"about":[{"href":"https:\/\/francois-bousch.net\/compositeur\/wp-json\/wp\/v2\/types\/page"}],"author":[{"embeddable":true,"href":"https:\/\/francois-bousch.net\/compositeur\/wp-json\/wp\/v2\/users\/1"}],"replies":[{"embeddable":true,"href":"https:\/\/francois-bousch.net\/compositeur\/wp-json\/wp\/v2\/comments?post=3"}],"version-history":[{"count":2,"href":"https:\/\/francois-bousch.net\/compositeur\/wp-json\/wp\/v2\/pages\/3\/revisions"}],"predecessor-version":[{"id":1340,"href":"https:\/\/francois-bousch.net\/compositeur\/wp-json\/wp\/v2\/pages\/3\/revisions\/1340"}],"wp:attachment":[{"href":"https:\/\/francois-bousch.net\/compositeur\/wp-json\/wp\/v2\/media?parent=3"}],"curies":[{"name":"wp","href":"https:\/\/api.w.org\/{rel}","templated":true}]}}