{"id":1033,"date":"2021-09-05T17:03:56","date_gmt":"2021-09-05T15:03:56","guid":{"rendered":"https:\/\/francois-bousch.net\/compositeur\/?page_id=1033"},"modified":"2021-11-25T17:13:55","modified_gmt":"2021-11-25T16:13:55","slug":"presentation","status":"publish","type":"page","link":"https:\/\/francois-bousch.net\/compositeur\/presentation\/","title":{"rendered":"Pr\u00e9sentation"},"content":{"rendered":"\n<p><\/p>\n\n\n\n<h3 class=\"wp-block-heading\"><em>L\u2019itin\u00e9raire, La revue musicale,<\/em> 1989 &#8211; extrait<\/h3>\n\n\n\n<div class=\"wp-block-image\"><figure class=\"alignleft size-medium\"><img fetchpriority=\"high\" decoding=\"async\" width=\"300\" height=\"225\" src=\"https:\/\/francois-bousch.net\/compositeur\/wp-content\/uploads\/IMG_4011-300x225.jpeg\" alt=\"\" class=\"wp-image-1409\" srcset=\"https:\/\/francois-bousch.net\/compositeur\/wp-content\/uploads\/IMG_4011-300x225.jpeg 300w, https:\/\/francois-bousch.net\/compositeur\/wp-content\/uploads\/IMG_4011-800x600.jpeg 800w, https:\/\/francois-bousch.net\/compositeur\/wp-content\/uploads\/IMG_4011-768x576.jpeg 768w, https:\/\/francois-bousch.net\/compositeur\/wp-content\/uploads\/IMG_4011-1536x1152.jpeg 1536w, https:\/\/francois-bousch.net\/compositeur\/wp-content\/uploads\/IMG_4011-scaled.jpeg 2048w\" sizes=\"(max-width: 300px) 100vw, 300px\" \/><\/figure><\/div>\n\n\n\n<p>FRAN\u00c7OIS BOUSCH Comment ma d\u00e9marche de compositeur s\u2019inscrit-elle dans la trajectoire-aventure de l\u2019Itin\u00e9raire ? Quels ont \u00e9t\u00e9 les \u00e9changes, les apports, les \u00e9volutions ? Fascin\u00e9 et passionn\u00e9 depuis mon enfance par le son, par sa mise en action, sa relation avec le geste, sa transformation par des objets divers puis par les moyens \u00e9lectro-acoustique, il \u2026<br><a href=\"https:\/\/francois-bousch.net\/compositeur\/litineraire-la-revue-musicale-1989\/\" data-type=\"post\" data-id=\"1440\">Lire la suite \u00bb<\/a><\/p>\n\n\n\n<p><\/p>\n\n\n\n<p><\/p>\n\n\n\n<div style=\"height:60px\" aria-hidden=\"true\" class=\"wp-block-spacer\"><\/div>\n\n\n\n<h3 class=\"wp-block-heading\">Quand la musique de Fran\u00e7ois Bousch transpire la \u00ab cogitation naturelle du monde \u00bb<\/h3>\n\n\n\n<p>Compositeur et p\u00e9dagogue, Fran\u00e7ois Bousch (n\u00e9 en 1946) a \u00e9t\u00e9 \u2013 entre autres \u2013 l\u2019\u00e9l\u00e8ve de Betsy Jolas, Claude Ballif, Jean-Pierre Gu\u00e9zec et Olivier Messiaen. Pensionnaire \u00e0 la Villa M\u00e9dicis \u00e0 Rome, il a nou\u00e9 dans cette capitale ultramontaine une \u00ab relation fructueuse \u00bb avec Giacinto Scelsi (tel Monsieur Jourdain faisant de la prose sans le savoir, cet artiste, po\u00e8te improvisateur, \u00e9tait pr\u00e9curseur, \u00e0 son insu, de ce qui deviendra la \u00ab musique spectrale \u00bb<br><a href=\"https:\/\/francois-bousch.net\/compositeur\/quand-la-musique-de-francois-bousch-transpire-la-cogitation-naturelle-du-monde\/\" data-type=\"post\" data-id=\"1453\">lire la suite<\/a><\/p>\n","protected":false},"excerpt":{"rendered":"<p>L\u2019itin\u00e9raire, La revue musicale, 1989 &#8211; extrait FRAN\u00c7OIS BOUSCH Comment ma d\u00e9marche de compositeur s\u2019inscrit-elle dans la trajectoire-aventure de l\u2019Itin\u00e9raire ? Quels ont \u00e9t\u00e9 les \u00e9changes, les apports, les \u00e9volutions ? Fascin\u00e9 et passionn\u00e9 depuis mon enfance par le son, par sa mise en action, sa relation avec le geste, sa transformation par des objets [&hellip;]<\/p>\n","protected":false},"author":1,"featured_media":0,"parent":0,"menu_order":0,"comment_status":"closed","ping_status":"closed","template":"","meta":{"site-sidebar-layout":"default","site-content-layout":"default","ast-site-content-layout":"default","site-content-style":"default","site-sidebar-style":"default","ast-global-header-display":"","ast-banner-title-visibility":"","ast-main-header-display":"","ast-hfb-above-header-display":"","ast-hfb-below-header-display":"","ast-hfb-mobile-header-display":"","site-post-title":"","ast-breadcrumbs-content":"","ast-featured-img":"","footer-sml-layout":"","theme-transparent-header-meta":"default","adv-header-id-meta":"","stick-header-meta":"","header-above-stick-meta":"","header-main-stick-meta":"","header-below-stick-meta":"","astra-migrate-meta-layouts":"default","ast-page-background-enabled":"default","ast-page-background-meta":{"desktop":{"background-color":"var(--ast-global-color-4)","background-image":"","background-repeat":"repeat","background-position":"center center","background-size":"auto","background-attachment":"scroll","background-type":"","background-media":"","overlay-type":"","overlay-color":"","overlay-opacity":"","overlay-gradient":""},"tablet":{"background-color":"","background-image":"","background-repeat":"repeat","background-position":"center center","background-size":"auto","background-attachment":"scroll","background-type":"","background-media":"","overlay-type":"","overlay-color":"","overlay-opacity":"","overlay-gradient":""},"mobile":{"background-color":"","background-image":"","background-repeat":"repeat","background-position":"center center","background-size":"auto","background-attachment":"scroll","background-type":"","background-media":"","overlay-type":"","overlay-color":"","overlay-opacity":"","overlay-gradient":""}},"ast-content-background-meta":{"desktop":{"background-color":"var(--ast-global-color-5)","background-image":"","background-repeat":"repeat","background-position":"center center","background-size":"auto","background-attachment":"scroll","background-type":"","background-media":"","overlay-type":"","overlay-color":"","overlay-opacity":"","overlay-gradient":""},"tablet":{"background-color":"var(--ast-global-color-5)","background-image":"","background-repeat":"repeat","background-position":"center center","background-size":"auto","background-attachment":"scroll","background-type":"","background-media":"","overlay-type":"","overlay-color":"","overlay-opacity":"","overlay-gradient":""},"mobile":{"background-color":"var(--ast-global-color-5)","background-image":"","background-repeat":"repeat","background-position":"center center","background-size":"auto","background-attachment":"scroll","background-type":"","background-media":"","overlay-type":"","overlay-color":"","overlay-opacity":"","overlay-gradient":""}},"footnotes":""},"class_list":["post-1033","page","type-page","status-publish","hentry"],"yoast_head":"<!-- This site is optimized with the Yoast SEO plugin v27.5 - https:\/\/yoast.com\/product\/yoast-seo-wordpress\/ -->\n<title>Pr\u00e9sentation - Fran\u00e7ois BOUSCH<\/title>\n<meta name=\"robots\" content=\"index, follow, max-snippet:-1, max-image-preview:large, max-video-preview:-1\" \/>\n<link rel=\"canonical\" href=\"https:\/\/francois-bousch.net\/compositeur\/presentation\/\" \/>\n<meta property=\"og:locale\" content=\"fr_FR\" \/>\n<meta property=\"og:type\" content=\"article\" \/>\n<meta property=\"og:title\" content=\"Pr\u00e9sentation - Fran\u00e7ois BOUSCH\" \/>\n<meta property=\"og:description\" content=\"L\u2019itin\u00e9raire, La revue musicale, 1989 &#8211; extrait FRAN\u00c7OIS BOUSCH Comment ma d\u00e9marche de compositeur s\u2019inscrit-elle dans la trajectoire-aventure de l\u2019Itin\u00e9raire ? Quels ont \u00e9t\u00e9 les \u00e9changes, les apports, les \u00e9volutions ? Fascin\u00e9 et passionn\u00e9 depuis mon enfance par le son, par sa mise en action, sa relation avec le geste, sa transformation par des objets [&hellip;]\" \/>\n<meta property=\"og:url\" content=\"https:\/\/francois-bousch.net\/compositeur\/presentation\/\" \/>\n<meta property=\"og:site_name\" content=\"Fran\u00e7ois BOUSCH\" \/>\n<meta property=\"article:modified_time\" content=\"2021-11-25T16:13:55+00:00\" \/>\n<meta property=\"og:image\" content=\"https:\/\/francois-bousch.net\/compositeur\/wp-content\/uploads\/IMG_4011-300x225.jpeg\" \/>\n<meta name=\"twitter:card\" content=\"summary_large_image\" \/>\n<meta name=\"twitter:label1\" content=\"Dur\u00e9e de lecture estim\u00e9e\" \/>\n\t<meta name=\"twitter:data1\" content=\"1 minute\" \/>\n<script type=\"application\/ld+json\" class=\"yoast-schema-graph\">{\"@context\":\"https:\\\/\\\/schema.org\",\"@graph\":[{\"@type\":\"WebPage\",\"@id\":\"https:\\\/\\\/francois-bousch.net\\\/compositeur\\\/presentation\\\/\",\"url\":\"https:\\\/\\\/francois-bousch.net\\\/compositeur\\\/presentation\\\/\",\"name\":\"Pr\u00e9sentation - Fran\u00e7ois BOUSCH\",\"isPartOf\":{\"@id\":\"https:\\\/\\\/francois-bousch.net\\\/compositeur\\\/#website\"},\"primaryImageOfPage\":{\"@id\":\"https:\\\/\\\/francois-bousch.net\\\/compositeur\\\/presentation\\\/#primaryimage\"},\"image\":{\"@id\":\"https:\\\/\\\/francois-bousch.net\\\/compositeur\\\/presentation\\\/#primaryimage\"},\"thumbnailUrl\":\"https:\\\/\\\/francois-bousch.net\\\/compositeur\\\/wp-content\\\/uploads\\\/IMG_4011-300x225.jpeg\",\"datePublished\":\"2021-09-05T15:03:56+00:00\",\"dateModified\":\"2021-11-25T16:13:55+00:00\",\"breadcrumb\":{\"@id\":\"https:\\\/\\\/francois-bousch.net\\\/compositeur\\\/presentation\\\/#breadcrumb\"},\"inLanguage\":\"fr-FR\",\"potentialAction\":[{\"@type\":\"ReadAction\",\"target\":[\"https:\\\/\\\/francois-bousch.net\\\/compositeur\\\/presentation\\\/\"]}]},{\"@type\":\"ImageObject\",\"inLanguage\":\"fr-FR\",\"@id\":\"https:\\\/\\\/francois-bousch.net\\\/compositeur\\\/presentation\\\/#primaryimage\",\"url\":\"https:\\\/\\\/francois-bousch.net\\\/compositeur\\\/wp-content\\\/uploads\\\/IMG_4011-300x225.jpeg\",\"contentUrl\":\"https:\\\/\\\/francois-bousch.net\\\/compositeur\\\/wp-content\\\/uploads\\\/IMG_4011-300x225.jpeg\"},{\"@type\":\"BreadcrumbList\",\"@id\":\"https:\\\/\\\/francois-bousch.net\\\/compositeur\\\/presentation\\\/#breadcrumb\",\"itemListElement\":[{\"@type\":\"ListItem\",\"position\":1,\"name\":\"Accueil\",\"item\":\"https:\\\/\\\/francois-bousch.net\\\/compositeur\\\/\"},{\"@type\":\"ListItem\",\"position\":2,\"name\":\"Pr\u00e9sentation\"}]},{\"@type\":\"WebSite\",\"@id\":\"https:\\\/\\\/francois-bousch.net\\\/compositeur\\\/#website\",\"url\":\"https:\\\/\\\/francois-bousch.net\\\/compositeur\\\/\",\"name\":\"Fran\u00e7ois BOUSCH\",\"description\":\"Compositeur | Musique contemporaine\",\"publisher\":{\"@id\":\"https:\\\/\\\/francois-bousch.net\\\/compositeur\\\/#\\\/schema\\\/person\\\/e485a4bc6378740a3986576819488fcf\"},\"potentialAction\":[{\"@type\":\"SearchAction\",\"target\":{\"@type\":\"EntryPoint\",\"urlTemplate\":\"https:\\\/\\\/francois-bousch.net\\\/compositeur\\\/?s={search_term_string}\"},\"query-input\":{\"@type\":\"PropertyValueSpecification\",\"valueRequired\":true,\"valueName\":\"search_term_string\"}}],\"inLanguage\":\"fr-FR\"},{\"@type\":[\"Person\",\"Organization\"],\"@id\":\"https:\\\/\\\/francois-bousch.net\\\/compositeur\\\/#\\\/schema\\\/person\\\/e485a4bc6378740a3986576819488fcf\",\"name\":\"Francois\",\"image\":{\"@type\":\"ImageObject\",\"inLanguage\":\"fr-FR\",\"@id\":\"https:\\\/\\\/francois-bousch.net\\\/compositeur\\\/wp-content\\\/uploads\\\/logo.png\",\"url\":\"https:\\\/\\\/francois-bousch.net\\\/compositeur\\\/wp-content\\\/uploads\\\/logo.png\",\"contentUrl\":\"https:\\\/\\\/francois-bousch.net\\\/compositeur\\\/wp-content\\\/uploads\\\/logo.png\",\"width\":230,\"height\":449,\"caption\":\"Francois\"},\"logo\":{\"@id\":\"https:\\\/\\\/francois-bousch.net\\\/compositeur\\\/wp-content\\\/uploads\\\/logo.png\"},\"sameAs\":[\"https:\\\/\\\/francois-bousch.net\"]}]}<\/script>\n<!-- \/ Yoast SEO plugin. -->","yoast_head_json":{"title":"Pr\u00e9sentation - Fran\u00e7ois BOUSCH","robots":{"index":"index","follow":"follow","max-snippet":"max-snippet:-1","max-image-preview":"max-image-preview:large","max-video-preview":"max-video-preview:-1"},"canonical":"https:\/\/francois-bousch.net\/compositeur\/presentation\/","og_locale":"fr_FR","og_type":"article","og_title":"Pr\u00e9sentation - Fran\u00e7ois BOUSCH","og_description":"L\u2019itin\u00e9raire, La revue musicale, 1989 &#8211; extrait FRAN\u00c7OIS BOUSCH Comment ma d\u00e9marche de compositeur s\u2019inscrit-elle dans la trajectoire-aventure de l\u2019Itin\u00e9raire ? Quels ont \u00e9t\u00e9 les \u00e9changes, les apports, les \u00e9volutions ? Fascin\u00e9 et passionn\u00e9 depuis mon enfance par le son, par sa mise en action, sa relation avec le geste, sa transformation par des objets [&hellip;]","og_url":"https:\/\/francois-bousch.net\/compositeur\/presentation\/","og_site_name":"Fran\u00e7ois BOUSCH","article_modified_time":"2021-11-25T16:13:55+00:00","og_image":[{"url":"https:\/\/francois-bousch.net\/compositeur\/wp-content\/uploads\/IMG_4011-300x225.jpeg","type":"","width":"","height":""}],"twitter_card":"summary_large_image","twitter_misc":{"Dur\u00e9e de lecture estim\u00e9e":"1 minute"},"schema":{"@context":"https:\/\/schema.org","@graph":[{"@type":"WebPage","@id":"https:\/\/francois-bousch.net\/compositeur\/presentation\/","url":"https:\/\/francois-bousch.net\/compositeur\/presentation\/","name":"Pr\u00e9sentation - Fran\u00e7ois BOUSCH","isPartOf":{"@id":"https:\/\/francois-bousch.net\/compositeur\/#website"},"primaryImageOfPage":{"@id":"https:\/\/francois-bousch.net\/compositeur\/presentation\/#primaryimage"},"image":{"@id":"https:\/\/francois-bousch.net\/compositeur\/presentation\/#primaryimage"},"thumbnailUrl":"https:\/\/francois-bousch.net\/compositeur\/wp-content\/uploads\/IMG_4011-300x225.jpeg","datePublished":"2021-09-05T15:03:56+00:00","dateModified":"2021-11-25T16:13:55+00:00","breadcrumb":{"@id":"https:\/\/francois-bousch.net\/compositeur\/presentation\/#breadcrumb"},"inLanguage":"fr-FR","potentialAction":[{"@type":"ReadAction","target":["https:\/\/francois-bousch.net\/compositeur\/presentation\/"]}]},{"@type":"ImageObject","inLanguage":"fr-FR","@id":"https:\/\/francois-bousch.net\/compositeur\/presentation\/#primaryimage","url":"https:\/\/francois-bousch.net\/compositeur\/wp-content\/uploads\/IMG_4011-300x225.jpeg","contentUrl":"https:\/\/francois-bousch.net\/compositeur\/wp-content\/uploads\/IMG_4011-300x225.jpeg"},{"@type":"BreadcrumbList","@id":"https:\/\/francois-bousch.net\/compositeur\/presentation\/#breadcrumb","itemListElement":[{"@type":"ListItem","position":1,"name":"Accueil","item":"https:\/\/francois-bousch.net\/compositeur\/"},{"@type":"ListItem","position":2,"name":"Pr\u00e9sentation"}]},{"@type":"WebSite","@id":"https:\/\/francois-bousch.net\/compositeur\/#website","url":"https:\/\/francois-bousch.net\/compositeur\/","name":"Fran\u00e7ois BOUSCH","description":"Compositeur | Musique contemporaine","publisher":{"@id":"https:\/\/francois-bousch.net\/compositeur\/#\/schema\/person\/e485a4bc6378740a3986576819488fcf"},"potentialAction":[{"@type":"SearchAction","target":{"@type":"EntryPoint","urlTemplate":"https:\/\/francois-bousch.net\/compositeur\/?s={search_term_string}"},"query-input":{"@type":"PropertyValueSpecification","valueRequired":true,"valueName":"search_term_string"}}],"inLanguage":"fr-FR"},{"@type":["Person","Organization"],"@id":"https:\/\/francois-bousch.net\/compositeur\/#\/schema\/person\/e485a4bc6378740a3986576819488fcf","name":"Francois","image":{"@type":"ImageObject","inLanguage":"fr-FR","@id":"https:\/\/francois-bousch.net\/compositeur\/wp-content\/uploads\/logo.png","url":"https:\/\/francois-bousch.net\/compositeur\/wp-content\/uploads\/logo.png","contentUrl":"https:\/\/francois-bousch.net\/compositeur\/wp-content\/uploads\/logo.png","width":230,"height":449,"caption":"Francois"},"logo":{"@id":"https:\/\/francois-bousch.net\/compositeur\/wp-content\/uploads\/logo.png"},"sameAs":["https:\/\/francois-bousch.net"]}]}},"_links":{"self":[{"href":"https:\/\/francois-bousch.net\/compositeur\/wp-json\/wp\/v2\/pages\/1033","targetHints":{"allow":["GET"]}}],"collection":[{"href":"https:\/\/francois-bousch.net\/compositeur\/wp-json\/wp\/v2\/pages"}],"about":[{"href":"https:\/\/francois-bousch.net\/compositeur\/wp-json\/wp\/v2\/types\/page"}],"author":[{"embeddable":true,"href":"https:\/\/francois-bousch.net\/compositeur\/wp-json\/wp\/v2\/users\/1"}],"replies":[{"embeddable":true,"href":"https:\/\/francois-bousch.net\/compositeur\/wp-json\/wp\/v2\/comments?post=1033"}],"version-history":[{"count":13,"href":"https:\/\/francois-bousch.net\/compositeur\/wp-json\/wp\/v2\/pages\/1033\/revisions"}],"predecessor-version":[{"id":1460,"href":"https:\/\/francois-bousch.net\/compositeur\/wp-json\/wp\/v2\/pages\/1033\/revisions\/1460"}],"wp:attachment":[{"href":"https:\/\/francois-bousch.net\/compositeur\/wp-json\/wp\/v2\/media?parent=1033"}],"curies":[{"name":"wp","href":"https:\/\/api.w.org\/{rel}","templated":true}]}}